{"id":155,"date":"2025-04-09T09:11:44","date_gmt":"2025-04-09T09:11:44","guid":{"rendered":"https:\/\/www.cihlak.cz\/?page_id=155"},"modified":"2025-04-09T09:11:44","modified_gmt":"2025-04-09T09:11:44","slug":"service-booking-form","status":"publish","type":"page","link":"https:\/\/www.cihlak.cz\/?page_id=155","title":{"rendered":"Service Booking Form"},"content":{"rendered":"\t\t<div data-elementor-type=\"wp-page\" data-elementor-id=\"155\" class=\"elementor elementor-155\" data-elementor-settings=\"{&quot;ha_cmc_init_switcher&quot;:&quot;no&quot;}\">\n\t\t\t\t<div class=\"elementor-element elementor-element-768072c5 e-con-full e-flex e-con e-parent\" data-id=\"768072c5\" data-element_type=\"container\" data-settings=\"{&quot;_ha_eqh_enable&quot;:false}\">\n\t\t<div class=\"elementor-element elementor-element-35fc3099 e-con-full inner-title-bannar e-flex e-con e-child\" data-id=\"35fc3099\" data-element_type=\"container\" data-settings=\"{&quot;background_background&quot;:&quot;classic&quot;,&quot;_ha_eqh_enable&quot;:false}\">\n\t\t<div class=\"elementor-element elementor-element-7c8fa5bc e-flex e-con-boxed e-con e-child\" data-id=\"7c8fa5bc\" data-element_type=\"container\" data-settings=\"{&quot;_ha_eqh_enable&quot;:false}\">\n\t\t\t\t\t<div class=\"e-con-inner\">\n\t\t\t\t<div class=\"elementor-element elementor-element-3f51f534 elementor-widget elementor-widget-page-title\" data-id=\"3f51f534\" data-element_type=\"widget\" data-settings=\"{&quot;align&quot;:&quot;center&quot;}\" data-widget_type=\"page-title.default\">\n\t\t\t\t<div class=\"elementor-widget-container\">\n\t\t\t\t\t\t\t\n\t\t<div class=\"hfe-page-title hfe-page-title-wrapper elementor-widget-heading\">\n\n\t\t\t\t\t\t\t\t\t\t\t<a href=\"https:\/\/www.cihlak.cz\">\n\t\t\t\t\t\t<h2 class=\"elementor-heading-title elementor-size-default\">\n\t\t\t\t\t\t\t\t\n\t\t\t\tService Booking Form  \n\t\t\t<\/h2 > \n\t\t\t\t\t\t\t\t\t<\/a>\n\t\t\t\t\t<\/div>\n\t\t\t\t\t\t<\/div>\n\t\t\t\t<\/div>\n\t\t\t\t<div class=\"elementor-element elementor-element-60f6946f inner-breadcrum elementor-widget elementor-widget-shortcode\" data-id=\"60f6946f\" data-element_type=\"widget\" data-widget_type=\"shortcode.default\">\n\t\t\t\t<div class=\"elementor-widget-container\">\n\t\t\t\t\t\t\t<div class=\"elementor-shortcode\">\t\t\t<!-- Flexy Breadcrumb -->\r\n\t\t\t<div class=\"fbc fbc-page\">\r\n\r\n\t\t\t\t<!-- Breadcrumb wrapper -->\r\n\t\t\t\t<div class=\"fbc-wrap\">\r\n\r\n\t\t\t\t\t<!-- Ordered list-->\r\n\t\t\t\t\t<ol class=\"fbc-items\" itemscope itemtype=\"https:\/\/schema.org\/BreadcrumbList\">\r\n\t\t\t\t\t\t            <li itemprop=\"itemListElement\" itemscope itemtype=\"https:\/\/schema.org\/ListItem\">\r\n                <span itemprop=\"name\">\r\n                    <!-- Home Link -->\r\n                    <a itemprop=\"item\" href=\"https:\/\/www.cihlak.cz\">\r\n                    \r\n                                                    <i class=\"fa fa-home\" aria-hidden=\"true\"><\/i>Home                    <\/a>\r\n                <\/span>\r\n                <meta itemprop=\"position\" content=\"1\" \/><!-- Meta Position-->\r\n             <\/li><li><span class=\"fbc-separator\">\/<\/span><\/li><li class=\"active\" itemprop=\"itemListElement\" itemscope itemtype=\"https:\/\/schema.org\/ListItem\"><span itemprop=\"name\" title=\"Service Booking Form\">Service Booking Form<\/span><meta itemprop=\"position\" content=\"2\" \/><\/li>\t\t\t\t\t<\/ol>\r\n\t\t\t\t\t<div class=\"clearfix\"><\/div>\r\n\t\t\t\t<\/div>\r\n\t\t\t<\/div>\r\n\t\t\t<\/div>\n\t\t\t\t\t\t<\/div>\n\t\t\t\t<\/div>\n\t\t\t\t\t<\/div>\n\t\t\t\t<\/div>\n\t\t\t\t<\/div>\n\t\t\t\t<\/div>\n\t\t<div class=\"elementor-element elementor-element-52cd3f16 event-booking-main-section e-flex e-con-boxed e-con e-parent\" data-id=\"52cd3f16\" data-element_type=\"container\" data-settings=\"{&quot;background_background&quot;:&quot;classic&quot;,&quot;_ha_eqh_enable&quot;:false}\">\n\t\t\t\t\t<div class=\"e-con-inner\">\n\t\t<div class=\"elementor-element elementor-element-68112037 e-flex e-con-boxed e-con e-child\" data-id=\"68112037\" data-element_type=\"container\" data-settings=\"{&quot;_ha_eqh_enable&quot;:false}\">\n\t\t\t\t\t<div class=\"e-con-inner\">\n\t\t\t\t<div class=\"elementor-element elementor-element-24483c21 self-girl-img elementor-widget elementor-widget-image\" data-id=\"24483c21\" data-element_type=\"widget\" data-widget_type=\"image.default\">\n\t\t\t\t<div class=\"elementor-widget-container\">\n\t\t\t\t\t\t\t\t\t\t\t\t\t\t\t<img fetchpriority=\"high\" decoding=\"async\" width=\"397\" height=\"620\" src=\"https:\/\/www.cihlak.cz\/wp-content\/uploads\/2025\/04\/sefi-girls-1.png\" class=\"attachment-full size-full wp-image-96\" alt=\"\" srcset=\"https:\/\/www.cihlak.cz\/wp-content\/uploads\/2025\/04\/sefi-girls-1.png 397w, https:\/\/www.cihlak.cz\/wp-content\/uploads\/2025\/04\/sefi-girls-1-192x300.png 192w\" sizes=\"(max-width: 397px) 100vw, 397px\" \/>\t\t\t\t\t\t\t\t\t\t\t\t\t\t\t<\/div>\n\t\t\t\t<\/div>\n\t\t\t\t\t<\/div>\n\t\t\t\t<\/div>\n\t\t<div class=\"elementor-element elementor-element-3ee40d96 e-flex e-con-boxed e-con e-child\" data-id=\"3ee40d96\" data-element_type=\"container\" data-settings=\"{&quot;_ha_eqh_enable&quot;:false}\">\n\t\t\t\t\t<div class=\"e-con-inner\">\n\t\t\t\t<div class=\"elementor-element elementor-element-380c3885 inner-event-booking elementor-widget__width-inherit elementor-widget elementor-widget-shortcode\" data-id=\"380c3885\" data-element_type=\"widget\" data-widget_type=\"shortcode.default\">\n\t\t\t\t<div class=\"elementor-widget-container\">\n\t\t\t\t\t\t\t<div class=\"elementor-shortcode\">\n<div class=\"wpcf7 no-js\" id=\"wpcf7-f304-o1\" lang=\"\" dir=\"ltr\" data-wpcf7-id=\"304\">\n<div class=\"screen-reader-response\"><p role=\"status\" aria-live=\"polite\" aria-atomic=\"true\"><\/p> <ul><\/ul><\/div>\n<form action=\"\/index.php?rest_route=%2Fwp%2Fv2%2Fpages%2F155#wpcf7-f304-o1\" method=\"post\" class=\"wpcf7-form init\" aria-label=\"Kontaktn\u00ed formul\u00e1\u0159\" novalidate=\"novalidate\" data-status=\"init\">\n<div style=\"display: none;\">\n<input type=\"hidden\" name=\"_wpcf7\" value=\"304\" \/>\n<input type=\"hidden\" name=\"_wpcf7_version\" value=\"6.0.6\" \/>\n<input type=\"hidden\" name=\"_wpcf7_locale\" value=\"\" \/>\n<input type=\"hidden\" name=\"_wpcf7_unit_tag\" value=\"wpcf7-f304-o1\" \/>\n<input type=\"hidden\" name=\"_wpcf7_container_post\" value=\"0\" \/>\n<input type=\"hidden\" name=\"_wpcf7_posted_data_hash\" value=\"\" \/>\n<\/div>\n<p><span class=\"wpcf7-form-control-wrap\" data-name=\"text-414\"><input size=\"40\" maxlength=\"400\" class=\"wpcf7-form-control wpcf7-text wpcf7-validates-as-required\" aria-required=\"true\" aria-invalid=\"false\" placeholder=\"Name\" value=\"\" type=\"text\" name=\"text-414\" \/><\/span><br \/>\n<span class=\"wpcf7-form-control-wrap\" data-name=\"tel\"><input size=\"40\" maxlength=\"400\" class=\"wpcf7-form-control wpcf7-tel wpcf7-validates-as-required wpcf7-text wpcf7-validates-as-tel\" aria-required=\"true\" aria-invalid=\"false\" placeholder=\"Mobile No.\" value=\"\" type=\"tel\" name=\"tel\" \/><\/span><br \/>\n<span class=\"wpcf7-form-control-wrap\" data-name=\"email\"><input size=\"40\" maxlength=\"400\" class=\"wpcf7-form-control wpcf7-email wpcf7-validates-as-required wpcf7-text wpcf7-validates-as-email\" aria-required=\"true\" aria-invalid=\"false\" placeholder=\"Email\" value=\"\" type=\"email\" name=\"email\" \/><\/span><br \/>\n<span class=\"wpcf7-form-control-wrap\" data-name=\"Types\"><select class=\"wpcf7-form-control wpcf7-select wpcf7-validates-as-required services\" aria-required=\"true\" aria-invalid=\"false\" name=\"Types\"><option value=\"Types Of Services\">Types Of Services<\/option><option value=\"Wedding Party Services\">Wedding Party Services<\/option><option value=\"Baby Shower Services\">Baby Shower Services<\/option><option value=\"Festival and Fair Organization service\">Festival and Fair Organization service<\/option><option value=\"Birthday Party Services\">Birthday Party Services<\/option><option value=\"Night Club Party Services\">Night Club Party Services<\/option><option value=\"Corporate Party Services\">Corporate Party Services<\/option><option value=\"Private Party Services\">Private Party Services<\/option><option value=\"Sports Event Management\">Sports Event Management<\/option><\/select><\/span><br \/>\n<span class=\"wpcf7-form-control-wrap\" data-name=\"Date\"><input size=\"40\" maxlength=\"400\" class=\"wpcf7-form-control wpcf7-text wpcf7-validates-as-required walcf7-datepicker\" aria-required=\"true\" aria-invalid=\"false\" placeholder=\"Date of Service\" value=\"\" type=\"text\" name=\"Date\" \/><\/span><br \/>\n<span class=\"wpcf7-form-control-wrap\" data-name=\"Time\"><select class=\"wpcf7-form-control wpcf7-select wpcf7-validates-as-required Reservation-time\" aria-required=\"true\" aria-invalid=\"false\" name=\"Time\"><option value=\"Time\">Time<\/option><option value=\"10.00AM to 11.00AM\">10.00AM to 11.00AM<\/option><option value=\"11.00AM to 12.00AM\">11.00AM to 12.00AM<\/option><option value=\"12.00AM to 1.00PM\">12.00AM to 1.00PM<\/option><option value=\"1.00PM to 2.00PM\">1.00PM to 2.00PM<\/option><option value=\"3.00PM to 4.00PM\">3.00PM to 4.00PM<\/option><option value=\"4.00PM to 5.00PM\">4.00PM to 5.00PM<\/option><option value=\"5.00PM to 6.00PM\">5.00PM to 6.00PM<\/option><\/select><\/span><br \/>\n<span class=\"wpcf7-form-control-wrap\" data-name=\"Types\"><select class=\"wpcf7-form-control wpcf7-select wpcf7-validates-as-required services\" aria-required=\"true\" aria-invalid=\"false\" name=\"Types\"><option value=\"Facilities\">Facilities<\/option><option value=\"Wedding Party Services\">Wedding Party Services<\/option><option value=\"Baby Shower Services\">Baby Shower Services<\/option><option value=\"Festival and Fair Organization service\">Festival and Fair Organization service<\/option><option value=\"Birthday Party Services\">Birthday Party Services<\/option><option value=\"Night Club Party Services\">Night Club Party Services<\/option><option value=\"Corporate Party Services\">Corporate Party Services<\/option><option value=\"Private Party Services\">Private Party Services<\/option><option value=\"Sports Event Management\">Sports Event Management<\/option><\/select><\/span><br \/>\n<span class=\"wpcf7-form-control-wrap\" data-name=\"number-519\"><input class=\"wpcf7-form-control wpcf7-number wpcf7-validates-as-required wpcf7-validates-as-number\" aria-required=\"true\" aria-invalid=\"false\" placeholder=\"Number Of Guest\" value=\"\" type=\"number\" name=\"number-519\" \/><\/span><br \/>\n<span class=\"wpcf7-form-control-wrap\" data-name=\"textarea-398\"><textarea cols=\"40\" rows=\"10\" maxlength=\"2000\" class=\"wpcf7-form-control wpcf7-textarea wpcf7-validates-as-required\" aria-required=\"true\" aria-invalid=\"false\" placeholder=\"Notes\" name=\"textarea-398\"><\/textarea><\/span><br \/>\n<span class=\"wpcf7-form-control-wrap\" data-name=\"checkbox-615\"><span class=\"wpcf7-form-control wpcf7-checkbox wpcf7-validates-as-required\"><span class=\"wpcf7-list-item first last\"><label><input type=\"checkbox\" name=\"checkbox-615[]\" value=\"Get further update on your mail.\" \/><span class=\"wpcf7-list-item-label\">Get further update on your mail.<\/span><\/label><\/span><\/span><\/span><br \/>\n<button type=\"submit\" class=\"service-booking-submit wpcf7-submit\">Submit<i class=\"fa-solid fa-chevron-right\"><\/i><\/button>\n<\/p><div class=\"wpcf7-response-output\" aria-hidden=\"true\"><\/div>\n<\/form>\n<\/div>\n<\/div>\n\t\t\t\t\t\t<\/div>\n\t\t\t\t<\/div>\n\t\t\t\t\t<\/div>\n\t\t\t\t<\/div>\n\t\t\t\t\t<\/div>\n\t\t\t\t<\/div>\n\t\t\t\t<\/div>\n\t\t","protected":false},"excerpt":{"rendered":"<p>Hello world!<\/p>\n","protected":false},"author":2,"featured_media":0,"parent":0,"menu_order":0,"comment_status":"closed","ping_status":"closed","template":"","meta":{"footnotes":""},"class_list":["post-155","page","type-page","status-publish","hentry"],"_links":{"self":[{"href":"https:\/\/www.cihlak.cz\/index.php?rest_route=\/wp\/v2\/pages\/155","targetHints":{"allow":["GET"]}}],"collection":[{"href":"https:\/\/www.cihlak.cz\/index.php?rest_route=\/wp\/v2\/pages"}],"about":[{"href":"https:\/\/www.cihlak.cz\/index.php?rest_route=\/wp\/v2\/types\/page"}],"author":[{"embeddable":true,"href":"https:\/\/www.cihlak.cz\/index.php?rest_route=\/wp\/v2\/users\/2"}],"replies":[{"embeddable":true,"href":"https:\/\/www.cihlak.cz\/index.php?rest_route=%2Fwp%2Fv2%2Fcomments&post=155"}],"version-history":[{"count":0,"href":"https:\/\/www.cihlak.cz\/index.php?rest_route=\/wp\/v2\/pages\/155\/revisions"}],"wp:attachment":[{"href":"https:\/\/www.cihlak.cz\/index.php?rest_route=%2Fwp%2Fv2%2Fmedia&parent=155"}],"curies":[{"name":"wp","href":"https:\/\/api.w.org\/{rel}","templated":true}]}}